{"id":488,"date":"2014-04-03T17:24:02","date_gmt":"2014-04-03T15:24:02","guid":{"rendered":"http:\/\/www.cremaval.com\/?page_id=488"},"modified":"2014-08-28T18:51:00","modified_gmt":"2014-08-28T16:51:00","slug":"cursores","status":"publish","type":"page","link":"https:\/\/cremaval.com\/wordpress\/productos\/cursores\/","title":{"rendered":"Cursores"},"content":{"rendered":"<h1>Cursores para Cremalleras<\/h1>\n<p>En diversos tipos de materiales, formas y tama\u00f1os, entendemos como Cursores las piezas deslizantes encargadas de abrir y cerrar los componentes de la Cremallera.<\/p>\n<p>A continuaci\u00f3n les detallamos los distintos tipos de cursores que trabajamos, dependiendo de la finalidad del art\u00edculo donde se sit\u00faen, seg\u00fan el tipo de cremallera y el tama\u00f1o de las mismas:<\/p>\n<p>&nbsp;<\/p>\n<h1>CURSORES PARA CREMALLERA DE NYLON N.3<\/h1>\n<ul>\n<li><strong>Cursores para Cremallera Nylon N.3 Tipo TMO<\/strong>\n<ul>\n<li><strong>Fijo<\/strong><\/li>\n<li><strong>Libre (Pala)<\/strong><\/li>\n<li><strong>Fantas\u00eda<\/strong><\/li>\n<\/ul>\n<\/li>\n<li><strong>Cursores para Cremallera Nylon N.3 Tipo RTT<\/strong>\n<ul>\n<li><strong>Fijo<\/strong><\/li>\n<li><strong>Libre (Pala)<\/strong><\/li>\n<\/ul>\n<\/li>\n<li><strong>Cursores para Cremallera Nylon N.4<\/strong>\n<ul>\n<li><strong>Fijo<\/strong><\/li>\n<\/ul>\n<\/li>\n<li><strong>Cursores para Cremallera Nylon N.5<\/strong>\n<ul>\n<li><strong>Fijo<\/strong><\/li>\n<li><strong>Libre (Pala)<\/strong><\/li>\n<li><strong>Autom\u00e1tico<\/strong><\/li>\n<li><strong>Fantas\u00eda<\/strong><\/li>\n<li><strong>Personalizable<\/strong><\/li>\n<\/ul>\n<\/li>\n<li><strong>Cursores para Cremallera Nylon N.6<\/strong>\n<ul>\n<li><strong>Fijo<\/strong><\/li>\n<li><strong>Libre (Pala)<\/strong><\/li>\n<li><strong>Autom\u00e1tico<\/strong><\/li>\n<li><strong>Especial<\/strong><\/li>\n<\/ul>\n<\/li>\n<li><strong>Cursores para Cremallera Nylon N.8<\/strong>\n<ul>\n<li><strong>Libre (Pala)<\/strong><\/li>\n<\/ul>\n<\/li>\n<li><strong>Cursores para Cremallera NYlon N.10<\/strong>\n<ul>\n<li><strong>Libre (Pala)<\/strong><\/li>\n<li><strong>Libre (Doble Pala)<\/strong><\/li>\n<\/ul>\n<\/li>\n<\/ul>\n\n\t\t<style type=\"text\/css\">\n\t\t\t#gallery-1 {\n\t\t\t\tmargin: auto;\n\t\t\t}\n\t\t\t#gallery-1 .gallery-item {\n\t\t\t\tfloat: left;\n\t\t\t\tmargin-top: 10px;\n\t\t\t\ttext-align: center;\n\t\t\t\twidth: 33%;\n\t\t\t}\n\t\t\t#gallery-1 img {\n\t\t\t\tborder: 2px solid #cfcfcf;\n\t\t\t}\n\t\t\t#gallery-1 .gallery-caption {\n\t\t\t\tmargin-left: 0;\n\t\t\t}\n\t\t\t\/* see gallery_shortcode() in wp-includes\/media.php *\/\n\t\t<\/style>\n\t\t<div id='gallery-1' class='gallery galleryid-488 gallery-columns-3 gallery-size-thumbnail'><dl class='gallery-item'>\n\t\t\t<dt class='gallery-icon landscape'>\n\t\t\t\t<a href='https:\/\/cremaval.com\/wordpress\/img_7487\/'><img width=\"150\" height=\"150\" src=\"https:\/\/cremaval.com\/wordpress\/wp-content\/uploads\/2014\/08\/IMG_7487-150x150.jpg\" class=\"attachment-thumbnail size-thumbnail\" alt=\"\" decoding=\"async\" aria-describedby=\"gallery-1-559\" loading=\"lazy\" \/><\/a>\n\t\t\t<\/dt>\n\t\t\t\t<dd class='wp-caption-text gallery-caption' id='gallery-1-559'>\n\t\t\t\tCursor N.3 Libre Oro\n\t\t\t\t<\/dd><\/dl><dl class='gallery-item'>\n\t\t\t<dt class='gallery-icon landscape'>\n\t\t\t\t<a href='https:\/\/cremaval.com\/wordpress\/img_7494\/'><img width=\"150\" height=\"150\" src=\"https:\/\/cremaval.com\/wordpress\/wp-content\/uploads\/2014\/08\/IMG_7494-150x150.jpg\" class=\"attachment-thumbnail size-thumbnail\" alt=\"\" decoding=\"async\" aria-describedby=\"gallery-1-560\" loading=\"lazy\" \/><\/a>\n\t\t\t<\/dt>\n\t\t\t\t<dd class='wp-caption-text gallery-caption' id='gallery-1-560'>\n\t\t\t\tCursor Libre N.3 Pl\u00e1stico\n\t\t\t\t<\/dd><\/dl><dl class='gallery-item'>\n\t\t\t<dt class='gallery-icon landscape'>\n\t\t\t\t<a href='https:\/\/cremaval.com\/wordpress\/img_7481-2\/'><img width=\"150\" height=\"150\" src=\"https:\/\/cremaval.com\/wordpress\/wp-content\/uploads\/2014\/08\/IMG_7481-150x150.jpg\" class=\"attachment-thumbnail size-thumbnail\" alt=\"\" decoding=\"async\" aria-describedby=\"gallery-1-556\" loading=\"lazy\" \/><\/a>\n\t\t\t<\/dt>\n\t\t\t\t<dd class='wp-caption-text gallery-caption' id='gallery-1-556'>\n\t\t\t\tCursor Fijo Nylon N.3\n\t\t\t\t<\/dd><\/dl><br style=\"clear: both\" \/><dl class='gallery-item'>\n\t\t\t<dt class='gallery-icon landscape'>\n\t\t\t\t<a href='https:\/\/cremaval.com\/wordpress\/img_7479\/'><img width=\"150\" height=\"150\" src=\"https:\/\/cremaval.com\/wordpress\/wp-content\/uploads\/2014\/08\/IMG_7479-150x150.jpg\" class=\"attachment-thumbnail size-thumbnail\" alt=\"\" decoding=\"async\" aria-describedby=\"gallery-1-555\" loading=\"lazy\" \/><\/a>\n\t\t\t<\/dt>\n\t\t\t\t<dd class='wp-caption-text gallery-caption' id='gallery-1-555'>\n\t\t\t\tCursor Fijo Nylon N.5\n\t\t\t\t<\/dd><\/dl><dl class='gallery-item'>\n\t\t\t<dt class='gallery-icon landscape'>\n\t\t\t\t<a href='https:\/\/cremaval.com\/wordpress\/img_7498\/'><img width=\"150\" height=\"150\" src=\"https:\/\/cremaval.com\/wordpress\/wp-content\/uploads\/2014\/08\/IMG_7498-150x150.jpg\" class=\"attachment-thumbnail size-thumbnail\" alt=\"\" decoding=\"async\" aria-describedby=\"gallery-1-561\" loading=\"lazy\" \/><\/a>\n\t\t\t<\/dt>\n\t\t\t\t<dd class='wp-caption-text gallery-caption' id='gallery-1-561'>\n\t\t\t\tCursor Libre Nylon N.5\n\t\t\t\t<\/dd><\/dl>\n\t\t\t<br style='clear: both' \/>\n\t\t<\/div>\n\n<h1><\/h1>\n<h1>CURSORES PARA CREMALLERA INYECTADA<\/h1>\n<ul>\n<li><strong>Cursores para Cremallera Inyectada N.5<\/strong>\n<ul>\n<li><strong>Autom\u00e1tico<\/strong><\/li>\n<li><strong>Libre (Pala)<\/strong><\/li>\n<li><strong>Especial<\/strong><\/li>\n<\/ul>\n<\/li>\n<li><strong>Cursores para Cremallera Inyectada N.8<\/strong>\n<ul>\n<li><strong>Autom\u00e1tico<\/strong><\/li>\n<li><strong>Libre (Pala)<\/strong><\/li>\n<li><strong>Libre (Doble Pala)<\/strong><\/li>\n<\/ul>\n<\/li>\n<li><strong>Cursores para Cremallera Inyectada N.10<\/strong>\n<ul>\n<li><strong>Autom\u00e1tico<\/strong><\/li>\n<li><strong>Libre (Pala)<\/strong><\/li>\n<li><strong>Libre (Doble Pala)<\/strong><\/li>\n<li><strong>Especial<\/strong><\/li>\n<\/ul>\n<\/li>\n<li><strong>Cursores para Cremallera Inyectada N.20<\/strong>\n<ul>\n<li><strong>Especial<\/strong><\/li>\n<\/ul>\n<\/li>\n<\/ul>\n\n\t\t<style type=\"text\/css\">\n\t\t\t#gallery-2 {\n\t\t\t\tmargin: auto;\n\t\t\t}\n\t\t\t#gallery-2 .gallery-item {\n\t\t\t\tfloat: left;\n\t\t\t\tmargin-top: 10px;\n\t\t\t\ttext-align: center;\n\t\t\t\twidth: 33%;\n\t\t\t}\n\t\t\t#gallery-2 img {\n\t\t\t\tborder: 2px solid #cfcfcf;\n\t\t\t}\n\t\t\t#gallery-2 .gallery-caption {\n\t\t\t\tmargin-left: 0;\n\t\t\t}\n\t\t\t\/* see gallery_shortcode() in wp-includes\/media.php *\/\n\t\t<\/style>\n\t\t<div id='gallery-2' class='gallery galleryid-488 gallery-columns-3 gallery-size-thumbnail'><dl class='gallery-item'>\n\t\t\t<dt class='gallery-icon landscape'>\n\t\t\t\t<a href='https:\/\/cremaval.com\/wordpress\/img_7501\/'><img width=\"150\" height=\"150\" src=\"https:\/\/cremaval.com\/wordpress\/wp-content\/uploads\/2014\/08\/IMG_7501-150x150.jpg\" class=\"attachment-thumbnail size-thumbnail\" alt=\"\" decoding=\"async\" aria-describedby=\"gallery-2-563\" loading=\"lazy\" \/><\/a>\n\t\t\t<\/dt>\n\t\t\t\t<dd class='wp-caption-text gallery-caption' id='gallery-2-563'>\n\t\t\t\tCursor Autom\u00e1tico Pl\u00e1stico Inyectada N.10\n\t\t\t\t<\/dd><\/dl><dl class='gallery-item'>\n\t\t\t<dt class='gallery-icon landscape'>\n\t\t\t\t<a href='https:\/\/cremaval.com\/wordpress\/img_7485\/'><img width=\"150\" height=\"150\" src=\"https:\/\/cremaval.com\/wordpress\/wp-content\/uploads\/2014\/08\/IMG_7485-150x150.jpg\" class=\"attachment-thumbnail size-thumbnail\" alt=\"\" decoding=\"async\" aria-describedby=\"gallery-2-558\" loading=\"lazy\" \/><\/a>\n\t\t\t<\/dt>\n\t\t\t\t<dd class='wp-caption-text gallery-caption' id='gallery-2-558'>\n\t\t\t\tCursor Autom\u00e1tico Inyectada N.5\n\t\t\t\t<\/dd><\/dl><dl class='gallery-item'>\n\t\t\t<dt class='gallery-icon landscape'>\n\t\t\t\t<a href='https:\/\/cremaval.com\/wordpress\/cursor-n-20-inyectada-2\/'><img width=\"150\" height=\"150\" src=\"https:\/\/cremaval.com\/wordpress\/wp-content\/uploads\/2014\/08\/CURSOR-N.20-INYECTADA1-150x150.jpg\" class=\"attachment-thumbnail size-thumbnail\" alt=\"\" decoding=\"async\" aria-describedby=\"gallery-2-557\" loading=\"lazy\" \/><\/a>\n\t\t\t<\/dt>\n\t\t\t\t<dd class='wp-caption-text gallery-caption' id='gallery-2-557'>\n\t\t\t\tCursor Pl\u00e1stico Inyectada N.20\n\t\t\t\t<\/dd><\/dl><br style=\"clear: both\" \/>\n\t\t<\/div>\n\n<h1><\/h1>\n<h1>CURSORES PARA CREMALLERA METALICA<\/h1>\n<ul>\n<li><strong><span style=\"line-height: 14px;\">Cursores para Cremallera Met\u00e1lica N.5<\/span><\/strong>\n<ul>\n<li><strong>Autom\u00e1tico<\/strong><\/li>\n<\/ul>\n<\/li>\n<li><strong>Cursores para Cremallera Met\u00e1lica N.10<\/strong>\n<ul>\n<li><strong>Especial<\/strong><\/li>\n<\/ul>\n<\/li>\n<\/ul>\n\n\t\t<style type=\"text\/css\">\n\t\t\t#gallery-3 {\n\t\t\t\tmargin: auto;\n\t\t\t}\n\t\t\t#gallery-3 .gallery-item {\n\t\t\t\tfloat: left;\n\t\t\t\tmargin-top: 10px;\n\t\t\t\ttext-align: center;\n\t\t\t\twidth: 33%;\n\t\t\t}\n\t\t\t#gallery-3 img {\n\t\t\t\tborder: 2px solid #cfcfcf;\n\t\t\t}\n\t\t\t#gallery-3 .gallery-caption {\n\t\t\t\tmargin-left: 0;\n\t\t\t}\n\t\t\t\/* see gallery_shortcode() in wp-includes\/media.php *\/\n\t\t<\/style>\n\t\t<div id='gallery-3' class='gallery galleryid-488 gallery-columns-3 gallery-size-thumbnail'><dl class='gallery-item'>\n\t\t\t<dt class='gallery-icon landscape'>\n\t\t\t\t<a href='https:\/\/cremaval.com\/wordpress\/productos\/cursores\/la-foto-3\/'><img width=\"150\" height=\"150\" src=\"https:\/\/cremaval.com\/wordpress\/wp-content\/uploads\/2014\/04\/la-foto-3-150x150.jpg\" class=\"attachment-thumbnail size-thumbnail\" alt=\"\" decoding=\"async\" aria-describedby=\"gallery-3-604\" loading=\"lazy\" \/><\/a>\n\t\t\t<\/dt>\n\t\t\t\t<dd class='wp-caption-text gallery-caption' id='gallery-3-604'>\n\t\t\t\tCursor Met\u00e1lica Autom\u00e1tico N.5\n\t\t\t\t<\/dd><\/dl>\n\t\t\t<br style='clear: both' \/>\n\t\t<\/div>\n\n","protected":false},"excerpt":{"rendered":"<p>Cursores para Cremalleras En diversos tipos de materiales, formas y tama\u00f1os, entendemos como Cursores las piezas deslizantes encargadas de abrir y cerrar los componentes de la Cremallera. A continuaci\u00f3n les detallamos los distintos tipos de cursores que trabajamos, dependiendo de la finalidad del art\u00edculo donde se sit\u00faen, seg\u00fan el tipo de cremallera y el tama\u00f1o [&hellip;]<\/p>\n","protected":false},"author":2,"featured_media":0,"parent":9,"menu_order":0,"comment_status":"open","ping_status":"closed","template":"","meta":{"footnotes":""},"yoast_head":"<!-- This site is optimized with the Yoast SEO plugin v21.0 - https:\/\/yoast.com\/wordpress\/plugins\/seo\/ -->\n<title>Cursores - Cremaval<\/title>\n<meta name=\"robots\" content=\"index, follow, max-snippet:-1, max-image-preview:large, max-video-preview:-1\" \/>\n<link rel=\"canonical\" href=\"https:\/\/cremaval.com\/wordpress\/productos\/cursores\/\" \/>\n<meta property=\"og:locale\" content=\"es_ES\" \/>\n<meta property=\"og:type\" content=\"article\" \/>\n<meta property=\"og:title\" content=\"Cursores - Cremaval\" \/>\n<meta property=\"og:description\" content=\"Cursores para Cremalleras En diversos tipos de materiales, formas y tama\u00f1os, entendemos como Cursores las piezas deslizantes encargadas de abrir y cerrar los componentes de la Cremallera. A continuaci\u00f3n les detallamos los distintos tipos de cursores que trabajamos, dependiendo de la finalidad del art\u00edculo donde se sit\u00faen, seg\u00fan el tipo de cremallera y el tama\u00f1o [&hellip;]\" \/>\n<meta property=\"og:url\" content=\"https:\/\/cremaval.com\/wordpress\/productos\/cursores\/\" \/>\n<meta property=\"og:site_name\" content=\"Cremaval\" \/>\n<meta property=\"article:publisher\" content=\"https:\/\/es-es.facebook.com\/CreativabyCremaval\/\" \/>\n<meta property=\"article:modified_time\" content=\"2014-08-28T16:51:00+00:00\" \/>\n<meta property=\"og:image\" content=\"https:\/\/cremaval.com\/wordpress\/wp-content\/uploads\/2014\/08\/IMG_7487-150x150.jpg\" \/>\n<meta name=\"twitter:card\" content=\"summary_large_image\" \/>\n<meta name=\"twitter:label1\" content=\"Tiempo de lectura\" \/>\n\t<meta name=\"twitter:data1\" content=\"1 minuto\" \/>\n<script type=\"application\/ld+json\" class=\"yoast-schema-graph\">{\"@context\":\"https:\/\/schema.org\",\"@graph\":[{\"@type\":\"WebPage\",\"@id\":\"https:\/\/cremaval.com\/wordpress\/productos\/cursores\/\",\"url\":\"https:\/\/cremaval.com\/wordpress\/productos\/cursores\/\",\"name\":\"Cursores - Cremaval\",\"isPartOf\":{\"@id\":\"https:\/\/cremaval.com\/wordpress\/#website\"},\"datePublished\":\"2014-04-03T15:24:02+00:00\",\"dateModified\":\"2014-08-28T16:51:00+00:00\",\"breadcrumb\":{\"@id\":\"https:\/\/cremaval.com\/wordpress\/productos\/cursores\/#breadcrumb\"},\"inLanguage\":\"es\",\"potentialAction\":[{\"@type\":\"ReadAction\",\"target\":[\"https:\/\/cremaval.com\/wordpress\/productos\/cursores\/\"]}]},{\"@type\":\"BreadcrumbList\",\"@id\":\"https:\/\/cremaval.com\/wordpress\/productos\/cursores\/#breadcrumb\",\"itemListElement\":[{\"@type\":\"ListItem\",\"position\":1,\"name\":\"Portada\",\"item\":\"https:\/\/cremaval.com\/wordpress\/\"},{\"@type\":\"ListItem\",\"position\":2,\"name\":\"Productos\",\"item\":\"https:\/\/cremaval.com\/wordpress\/productos\/\"},{\"@type\":\"ListItem\",\"position\":3,\"name\":\"Cursores\"}]},{\"@type\":\"WebSite\",\"@id\":\"https:\/\/cremaval.com\/wordpress\/#website\",\"url\":\"https:\/\/cremaval.com\/wordpress\/\",\"name\":\"Cremaval\",\"description\":\"Fabrica de Cremalleras Hilos de Coser Cintas de Cierre\",\"publisher\":{\"@id\":\"https:\/\/cremaval.com\/wordpress\/#organization\"},\"potentialAction\":[{\"@type\":\"SearchAction\",\"target\":{\"@type\":\"EntryPoint\",\"urlTemplate\":\"https:\/\/cremaval.com\/wordpress\/?s={search_term_string}\"},\"query-input\":\"required name=search_term_string\"}],\"inLanguage\":\"es\"},{\"@type\":\"Organization\",\"@id\":\"https:\/\/cremaval.com\/wordpress\/#organization\",\"name\":\"Cremaval\",\"url\":\"https:\/\/cremaval.com\/wordpress\/\",\"logo\":{\"@type\":\"ImageObject\",\"inLanguage\":\"es\",\"@id\":\"https:\/\/cremaval.com\/wordpress\/#\/schema\/logo\/image\/\",\"url\":\"https:\/\/cremaval.com\/wordpress\/wp-content\/uploads\/2022\/10\/crelogos.png\",\"contentUrl\":\"https:\/\/cremaval.com\/wordpress\/wp-content\/uploads\/2022\/10\/crelogos.png\",\"width\":2160,\"height\":2160,\"caption\":\"Cremaval\"},\"image\":{\"@id\":\"https:\/\/cremaval.com\/wordpress\/#\/schema\/logo\/image\/\"},\"sameAs\":[\"https:\/\/es-es.facebook.com\/CreativabyCremaval\/\",\"https:\/\/www.instagram.com\/creativabycremaval\/?hl=es\"]}]}<\/script>\n<!-- \/ Yoast SEO plugin. -->","yoast_head_json":{"title":"Cursores - Cremaval","robots":{"index":"index","follow":"follow","max-snippet":"max-snippet:-1","max-image-preview":"max-image-preview:large","max-video-preview":"max-video-preview:-1"},"canonical":"https:\/\/cremaval.com\/wordpress\/productos\/cursores\/","og_locale":"es_ES","og_type":"article","og_title":"Cursores - Cremaval","og_description":"Cursores para Cremalleras En diversos tipos de materiales, formas y tama\u00f1os, entendemos como Cursores las piezas deslizantes encargadas de abrir y cerrar los componentes de la Cremallera. A continuaci\u00f3n les detallamos los distintos tipos de cursores que trabajamos, dependiendo de la finalidad del art\u00edculo donde se sit\u00faen, seg\u00fan el tipo de cremallera y el tama\u00f1o [&hellip;]","og_url":"https:\/\/cremaval.com\/wordpress\/productos\/cursores\/","og_site_name":"Cremaval","article_publisher":"https:\/\/es-es.facebook.com\/CreativabyCremaval\/","article_modified_time":"2014-08-28T16:51:00+00:00","og_image":[{"url":"https:\/\/cremaval.com\/wordpress\/wp-content\/uploads\/2014\/08\/IMG_7487-150x150.jpg"}],"twitter_card":"summary_large_image","twitter_misc":{"Tiempo de lectura":"1 minuto"},"schema":{"@context":"https:\/\/schema.org","@graph":[{"@type":"WebPage","@id":"https:\/\/cremaval.com\/wordpress\/productos\/cursores\/","url":"https:\/\/cremaval.com\/wordpress\/productos\/cursores\/","name":"Cursores - Cremaval","isPartOf":{"@id":"https:\/\/cremaval.com\/wordpress\/#website"},"datePublished":"2014-04-03T15:24:02+00:00","dateModified":"2014-08-28T16:51:00+00:00","breadcrumb":{"@id":"https:\/\/cremaval.com\/wordpress\/productos\/cursores\/#breadcrumb"},"inLanguage":"es","potentialAction":[{"@type":"ReadAction","target":["https:\/\/cremaval.com\/wordpress\/productos\/cursores\/"]}]},{"@type":"BreadcrumbList","@id":"https:\/\/cremaval.com\/wordpress\/productos\/cursores\/#breadcrumb","itemListElement":[{"@type":"ListItem","position":1,"name":"Portada","item":"https:\/\/cremaval.com\/wordpress\/"},{"@type":"ListItem","position":2,"name":"Productos","item":"https:\/\/cremaval.com\/wordpress\/productos\/"},{"@type":"ListItem","position":3,"name":"Cursores"}]},{"@type":"WebSite","@id":"https:\/\/cremaval.com\/wordpress\/#website","url":"https:\/\/cremaval.com\/wordpress\/","name":"Cremaval","description":"Fabrica de Cremalleras Hilos de Coser Cintas de Cierre","publisher":{"@id":"https:\/\/cremaval.com\/wordpress\/#organization"},"potentialAction":[{"@type":"SearchAction","target":{"@type":"EntryPoint","urlTemplate":"https:\/\/cremaval.com\/wordpress\/?s={search_term_string}"},"query-input":"required name=search_term_string"}],"inLanguage":"es"},{"@type":"Organization","@id":"https:\/\/cremaval.com\/wordpress\/#organization","name":"Cremaval","url":"https:\/\/cremaval.com\/wordpress\/","logo":{"@type":"ImageObject","inLanguage":"es","@id":"https:\/\/cremaval.com\/wordpress\/#\/schema\/logo\/image\/","url":"https:\/\/cremaval.com\/wordpress\/wp-content\/uploads\/2022\/10\/crelogos.png","contentUrl":"https:\/\/cremaval.com\/wordpress\/wp-content\/uploads\/2022\/10\/crelogos.png","width":2160,"height":2160,"caption":"Cremaval"},"image":{"@id":"https:\/\/cremaval.com\/wordpress\/#\/schema\/logo\/image\/"},"sameAs":["https:\/\/es-es.facebook.com\/CreativabyCremaval\/","https:\/\/www.instagram.com\/creativabycremaval\/?hl=es"]}]}},"_links":{"self":[{"href":"https:\/\/cremaval.com\/wordpress\/wp-json\/wp\/v2\/pages\/488"}],"collection":[{"href":"https:\/\/cremaval.com\/wordpress\/wp-json\/wp\/v2\/pages"}],"about":[{"href":"https:\/\/cremaval.com\/wordpress\/wp-json\/wp\/v2\/types\/page"}],"author":[{"embeddable":true,"href":"https:\/\/cremaval.com\/wordpress\/wp-json\/wp\/v2\/users\/2"}],"replies":[{"embeddable":true,"href":"https:\/\/cremaval.com\/wordpress\/wp-json\/wp\/v2\/comments?post=488"}],"version-history":[{"count":16,"href":"https:\/\/cremaval.com\/wordpress\/wp-json\/wp\/v2\/pages\/488\/revisions"}],"predecessor-version":[{"id":605,"href":"https:\/\/cremaval.com\/wordpress\/wp-json\/wp\/v2\/pages\/488\/revisions\/605"}],"up":[{"embeddable":true,"href":"https:\/\/cremaval.com\/wordpress\/wp-json\/wp\/v2\/pages\/9"}],"wp:attachment":[{"href":"https:\/\/cremaval.com\/wordpress\/wp-json\/wp\/v2\/media?parent=488"}],"curies":[{"name":"wp","href":"https:\/\/api.w.org\/{rel}","templated":true}]}}