{"id":24,"date":"2013-02-20T19:43:40","date_gmt":"2013-02-20T18:43:40","guid":{"rendered":"http:\/\/www.cremaval.com\/wordpress\/?page_id=24"},"modified":"2014-08-28T19:15:45","modified_gmt":"2014-08-28T17:15:45","slug":"hilos","status":"publish","type":"page","link":"https:\/\/cremaval.com\/wordpress\/productos\/hilos\/","title":{"rendered":"Hilos"},"content":{"rendered":"<h1>Hilos para Confecci\u00f3n<\/h1>\n<p>Hilo y Confecci\u00f3n son t\u00e9rminos fundamentalmente equivalentes. Somos suministradores de hilaturas.\u00a0Fabricamos nuestros Hilos para Confecci\u00f3n en una amplia gama de colores e hilaturas en conos de diferentes formatos, en funci\u00f3n de su uso industrial o dom\u00e9stico:<\/p>\n<address><strong>HILO POLIESTER<\/strong><\/address>\n<ul>\n<li><strong>40\/2<\/strong><\/li>\n<li><strong>30\/2<\/strong><\/li>\n<li><strong>30\/3<\/strong><\/li>\n<li><strong>24\/3<\/strong><\/li>\n<li><strong>20\/3<\/strong><\/li>\n<\/ul>\n<address><strong>HILO TEXTURADO (REMALLAR)<\/strong><\/address>\n<address>\u00a0<\/address>\n<div>\n<address><strong>HILO MONOFILAMENTO CRISTAL<\/strong><\/address>\n<ul>\n<li><strong>0,12<\/strong><\/li>\n<li><strong>0,16<\/strong><\/li>\n<li><strong>0,20<\/strong><\/li>\n<\/ul>\n<\/div>\n\n\t\t<style type=\"text\/css\">\n\t\t\t#gallery-1 {\n\t\t\t\tmargin: auto;\n\t\t\t}\n\t\t\t#gallery-1 .gallery-item {\n\t\t\t\tfloat: left;\n\t\t\t\tmargin-top: 10px;\n\t\t\t\ttext-align: center;\n\t\t\t\twidth: 25%;\n\t\t\t}\n\t\t\t#gallery-1 img {\n\t\t\t\tborder: 2px solid #cfcfcf;\n\t\t\t}\n\t\t\t#gallery-1 .gallery-caption {\n\t\t\t\tmargin-left: 0;\n\t\t\t}\n\t\t\t\/* see gallery_shortcode() in wp-includes\/media.php *\/\n\t\t<\/style>\n\t\t<div id='gallery-1' class='gallery galleryid-24 gallery-columns-4 gallery-size-thumbnail'><dl class='gallery-item'>\n\t\t\t<dt class='gallery-icon landscape'>\n\t\t\t\t<a href='https:\/\/cremaval.com\/wordpress\/img_7517-2\/'><img width=\"150\" height=\"150\" src=\"https:\/\/cremaval.com\/wordpress\/wp-content\/uploads\/2014\/08\/IMG_7517-150x150.jpg\" class=\"attachment-thumbnail size-thumbnail\" alt=\"\" decoding=\"async\" aria-describedby=\"gallery-1-565\" loading=\"lazy\" \/><\/a>\n\t\t\t<\/dt>\n\t\t\t\t<dd class='wp-caption-text gallery-caption' id='gallery-1-565'>\n\t\t\t\tHilo Poli\u00e9ster 70\/2\n\t\t\t\t<\/dd><\/dl><dl class='gallery-item'>\n\t\t\t<dt class='gallery-icon landscape'>\n\t\t\t\t<a href='https:\/\/cremaval.com\/wordpress\/hilo-70-2-2\/'><img width=\"150\" height=\"150\" src=\"https:\/\/cremaval.com\/wordpress\/wp-content\/uploads\/2014\/08\/HILO-70-2-150x150.jpg\" class=\"attachment-thumbnail size-thumbnail\" alt=\"\" decoding=\"async\" aria-describedby=\"gallery-1-542\" loading=\"lazy\" \/><\/a>\n\t\t\t<\/dt>\n\t\t\t\t<dd class='wp-caption-text gallery-caption' id='gallery-1-542'>\n\t\t\t\tHilo Poli\u00e9ster 70\/2\n\t\t\t\t<\/dd><\/dl><dl class='gallery-item'>\n\t\t\t<dt class='gallery-icon landscape'>\n\t\t\t\t<a href='https:\/\/cremaval.com\/wordpress\/hilo-poliester-50-2-2\/'><img width=\"150\" height=\"150\" src=\"https:\/\/cremaval.com\/wordpress\/wp-content\/uploads\/2014\/08\/HILO-POLIESTER-50-2-150x150.jpg\" class=\"attachment-thumbnail size-thumbnail\" alt=\"\" decoding=\"async\" aria-describedby=\"gallery-1-546\" loading=\"lazy\" \/><\/a>\n\t\t\t<\/dt>\n\t\t\t\t<dd class='wp-caption-text gallery-caption' id='gallery-1-546'>\n\t\t\t\tHilo Poli\u00e9ster 50\/2\n\t\t\t\t<\/dd><\/dl><dl class='gallery-item'>\n\t\t\t<dt class='gallery-icon landscape'>\n\t\t\t\t<a href='https:\/\/cremaval.com\/wordpress\/hilo-texturado-2\/'><img width=\"150\" height=\"150\" src=\"https:\/\/cremaval.com\/wordpress\/wp-content\/uploads\/2014\/08\/HILO-TEXTURADO-150x150.jpg\" class=\"attachment-thumbnail size-thumbnail\" alt=\"\" decoding=\"async\" aria-describedby=\"gallery-1-547\" loading=\"lazy\" \/><\/a>\n\t\t\t<\/dt>\n\t\t\t\t<dd class='wp-caption-text gallery-caption' id='gallery-1-547'>\n\t\t\t\tHilo Poli\u00e9ster Texturado\n\t\t\t\t<\/dd><\/dl><br style=\"clear: both\" \/><dl class='gallery-item'>\n\t\t\t<dt class='gallery-icon landscape'>\n\t\t\t\t<a href='https:\/\/cremaval.com\/wordpress\/hilo-monofil-2\/'><img width=\"150\" height=\"150\" src=\"https:\/\/cremaval.com\/wordpress\/wp-content\/uploads\/2014\/08\/HILO-MONOFIL-150x150.jpg\" class=\"attachment-thumbnail size-thumbnail\" alt=\"\" decoding=\"async\" aria-describedby=\"gallery-1-543\" loading=\"lazy\" \/><\/a>\n\t\t\t<\/dt>\n\t\t\t\t<dd class='wp-caption-text gallery-caption' id='gallery-1-543'>\n\t\t\t\tHilo Nylon Monofilamento\n\t\t\t\t<\/dd><\/dl>\n\t\t\t<br style='clear: both' \/>\n\t\t<\/div>\n\n<h1>Hilos para tapicer\u00eda e hilos para calzado<\/h1>\n<p>Tapiceros y Fabricantes de Calzado precisan de hilos en su labor. Calidad y resistencia son fundamentales.\u00a0Fabricamos nuestros Hilos de Coser de alta resistencia, para uso en Tapicer\u00eda y Fabricaci\u00f3n de Calzados, en hilos de poli\u00e9ster o hilos de poliamida, en una amplia gama de colores y en diferentes formatos de conos:<\/p>\n<ul>\n<li>\n<address><strong>100% Hilo Poli\u00e9ster- Calidad 20\/3\u00a0<\/strong><\/address>\n<\/li>\n<li>\n<address><strong>10 Hilo Poliamida Alta Tenacidad<\/strong><\/address>\n<\/li>\n<li>\n<address><strong>13 Hilo Poliamida Alta Tenacidad<\/strong><\/address>\n<\/li>\n<li>\n<address><strong>20 Hilo Poliamida Alta Tenacidad<\/strong><\/address>\n<\/li>\n<\/ul>\n\n\t\t<style type=\"text\/css\">\n\t\t\t#gallery-2 {\n\t\t\t\tmargin: auto;\n\t\t\t}\n\t\t\t#gallery-2 .gallery-item {\n\t\t\t\tfloat: left;\n\t\t\t\tmargin-top: 10px;\n\t\t\t\ttext-align: center;\n\t\t\t\twidth: 25%;\n\t\t\t}\n\t\t\t#gallery-2 img {\n\t\t\t\tborder: 2px solid #cfcfcf;\n\t\t\t}\n\t\t\t#gallery-2 .gallery-caption {\n\t\t\t\tmargin-left: 0;\n\t\t\t}\n\t\t\t\/* see gallery_shortcode() in wp-includes\/media.php *\/\n\t\t<\/style>\n\t\t<div id='gallery-2' class='gallery galleryid-24 gallery-columns-4 gallery-size-thumbnail'><dl class='gallery-item'>\n\t\t\t<dt class='gallery-icon landscape'>\n\t\t\t\t<a href='https:\/\/cremaval.com\/wordpress\/hilo-nylon\/'><img width=\"150\" height=\"150\" src=\"https:\/\/cremaval.com\/wordpress\/wp-content\/uploads\/2014\/08\/HILO-NYLON-150x150.jpg\" class=\"attachment-thumbnail size-thumbnail\" alt=\"\" decoding=\"async\" aria-describedby=\"gallery-2-544\" loading=\"lazy\" \/><\/a>\n\t\t\t<\/dt>\n\t\t\t\t<dd class='wp-caption-text gallery-caption' id='gallery-2-544'>\n\t\t\t\tHilo Nylon 100%\n\t\t\t\t<\/dd><\/dl><dl class='gallery-item'>\n\t\t\t<dt class='gallery-icon landscape'>\n\t\t\t\t<a href='https:\/\/cremaval.com\/wordpress\/hilo-poliester-05kg-2\/'><img width=\"150\" height=\"150\" src=\"https:\/\/cremaval.com\/wordpress\/wp-content\/uploads\/2014\/08\/HILO-POLIESTER-05KG-150x150.jpg\" class=\"attachment-thumbnail size-thumbnail\" alt=\"\" decoding=\"async\" aria-describedby=\"gallery-2-545\" loading=\"lazy\" \/><\/a>\n\t\t\t<\/dt>\n\t\t\t\t<dd class='wp-caption-text gallery-caption' id='gallery-2-545'>\n\t\t\t\tHilo Poliester 0,5Kg\n\t\t\t\t<\/dd><\/dl>\n\t\t\t<br style='clear: both' \/>\n\t\t<\/div>\n\n","protected":false},"excerpt":{"rendered":"<p>Hilos para Confecci\u00f3n Hilo y Confecci\u00f3n son t\u00e9rminos fundamentalmente equivalentes. Somos suministradores de hilaturas.\u00a0Fabricamos nuestros Hilos para Confecci\u00f3n en una amplia gama de colores e hilaturas en conos de diferentes formatos, en funci\u00f3n de su uso industrial o dom\u00e9stico: HILO POLIESTER 40\/2 30\/2 30\/3 24\/3 20\/3 HILO TEXTURADO (REMALLAR) \u00a0 HILO MONOFILAMENTO CRISTAL 0,12 0,16 [&hellip;]<\/p>\n","protected":false},"author":3,"featured_media":0,"parent":9,"menu_order":2,"comment_status":"open","ping_status":"closed","template":"","meta":{"footnotes":""},"yoast_head":"<!-- This site is optimized with the Yoast SEO plugin v21.0 - https:\/\/yoast.com\/wordpress\/plugins\/seo\/ -->\n<title>Hilos - Cremaval<\/title>\n<meta name=\"robots\" content=\"index, follow, max-snippet:-1, max-image-preview:large, max-video-preview:-1\" \/>\n<link rel=\"canonical\" href=\"https:\/\/cremaval.com\/wordpress\/productos\/hilos\/\" \/>\n<meta property=\"og:locale\" content=\"es_ES\" \/>\n<meta property=\"og:type\" content=\"article\" \/>\n<meta property=\"og:title\" content=\"Hilos - Cremaval\" \/>\n<meta property=\"og:description\" content=\"Hilos para Confecci\u00f3n Hilo y Confecci\u00f3n son t\u00e9rminos fundamentalmente equivalentes. Somos suministradores de hilaturas.\u00a0Fabricamos nuestros Hilos para Confecci\u00f3n en una amplia gama de colores e hilaturas en conos de diferentes formatos, en funci\u00f3n de su uso industrial o dom\u00e9stico: HILO POLIESTER 40\/2 30\/2 30\/3 24\/3 20\/3 HILO TEXTURADO (REMALLAR) \u00a0 HILO MONOFILAMENTO CRISTAL 0,12 0,16 [&hellip;]\" \/>\n<meta property=\"og:url\" content=\"https:\/\/cremaval.com\/wordpress\/productos\/hilos\/\" \/>\n<meta property=\"og:site_name\" content=\"Cremaval\" \/>\n<meta property=\"article:publisher\" content=\"https:\/\/es-es.facebook.com\/CreativabyCremaval\/\" \/>\n<meta property=\"article:modified_time\" content=\"2014-08-28T17:15:45+00:00\" \/>\n<meta property=\"og:image\" content=\"https:\/\/cremaval.com\/wordpress\/wp-content\/uploads\/2014\/08\/IMG_7517-150x150.jpg\" \/>\n<meta name=\"twitter:card\" content=\"summary_large_image\" \/>\n<meta name=\"twitter:label1\" content=\"Tiempo de lectura\" \/>\n\t<meta name=\"twitter:data1\" content=\"1 minuto\" \/>\n<script type=\"application\/ld+json\" class=\"yoast-schema-graph\">{\"@context\":\"https:\/\/schema.org\",\"@graph\":[{\"@type\":\"WebPage\",\"@id\":\"https:\/\/cremaval.com\/wordpress\/productos\/hilos\/\",\"url\":\"https:\/\/cremaval.com\/wordpress\/productos\/hilos\/\",\"name\":\"Hilos - Cremaval\",\"isPartOf\":{\"@id\":\"https:\/\/cremaval.com\/wordpress\/#website\"},\"datePublished\":\"2013-02-20T18:43:40+00:00\",\"dateModified\":\"2014-08-28T17:15:45+00:00\",\"breadcrumb\":{\"@id\":\"https:\/\/cremaval.com\/wordpress\/productos\/hilos\/#breadcrumb\"},\"inLanguage\":\"es\",\"potentialAction\":[{\"@type\":\"ReadAction\",\"target\":[\"https:\/\/cremaval.com\/wordpress\/productos\/hilos\/\"]}]},{\"@type\":\"BreadcrumbList\",\"@id\":\"https:\/\/cremaval.com\/wordpress\/productos\/hilos\/#breadcrumb\",\"itemListElement\":[{\"@type\":\"ListItem\",\"position\":1,\"name\":\"Portada\",\"item\":\"https:\/\/cremaval.com\/wordpress\/\"},{\"@type\":\"ListItem\",\"position\":2,\"name\":\"Productos\",\"item\":\"https:\/\/cremaval.com\/wordpress\/productos\/\"},{\"@type\":\"ListItem\",\"position\":3,\"name\":\"Hilos\"}]},{\"@type\":\"WebSite\",\"@id\":\"https:\/\/cremaval.com\/wordpress\/#website\",\"url\":\"https:\/\/cremaval.com\/wordpress\/\",\"name\":\"Cremaval\",\"description\":\"Fabrica de Cremalleras Hilos de Coser Cintas de Cierre\",\"publisher\":{\"@id\":\"https:\/\/cremaval.com\/wordpress\/#organization\"},\"potentialAction\":[{\"@type\":\"SearchAction\",\"target\":{\"@type\":\"EntryPoint\",\"urlTemplate\":\"https:\/\/cremaval.com\/wordpress\/?s={search_term_string}\"},\"query-input\":\"required name=search_term_string\"}],\"inLanguage\":\"es\"},{\"@type\":\"Organization\",\"@id\":\"https:\/\/cremaval.com\/wordpress\/#organization\",\"name\":\"Cremaval\",\"url\":\"https:\/\/cremaval.com\/wordpress\/\",\"logo\":{\"@type\":\"ImageObject\",\"inLanguage\":\"es\",\"@id\":\"https:\/\/cremaval.com\/wordpress\/#\/schema\/logo\/image\/\",\"url\":\"https:\/\/cremaval.com\/wordpress\/wp-content\/uploads\/2022\/10\/crelogos.png\",\"contentUrl\":\"https:\/\/cremaval.com\/wordpress\/wp-content\/uploads\/2022\/10\/crelogos.png\",\"width\":2160,\"height\":2160,\"caption\":\"Cremaval\"},\"image\":{\"@id\":\"https:\/\/cremaval.com\/wordpress\/#\/schema\/logo\/image\/\"},\"sameAs\":[\"https:\/\/es-es.facebook.com\/CreativabyCremaval\/\",\"https:\/\/www.instagram.com\/creativabycremaval\/?hl=es\"]}]}<\/script>\n<!-- \/ Yoast SEO plugin. -->","yoast_head_json":{"title":"Hilos - Cremaval","robots":{"index":"index","follow":"follow","max-snippet":"max-snippet:-1","max-image-preview":"max-image-preview:large","max-video-preview":"max-video-preview:-1"},"canonical":"https:\/\/cremaval.com\/wordpress\/productos\/hilos\/","og_locale":"es_ES","og_type":"article","og_title":"Hilos - Cremaval","og_description":"Hilos para Confecci\u00f3n Hilo y Confecci\u00f3n son t\u00e9rminos fundamentalmente equivalentes. Somos suministradores de hilaturas.\u00a0Fabricamos nuestros Hilos para Confecci\u00f3n en una amplia gama de colores e hilaturas en conos de diferentes formatos, en funci\u00f3n de su uso industrial o dom\u00e9stico: HILO POLIESTER 40\/2 30\/2 30\/3 24\/3 20\/3 HILO TEXTURADO (REMALLAR) \u00a0 HILO MONOFILAMENTO CRISTAL 0,12 0,16 [&hellip;]","og_url":"https:\/\/cremaval.com\/wordpress\/productos\/hilos\/","og_site_name":"Cremaval","article_publisher":"https:\/\/es-es.facebook.com\/CreativabyCremaval\/","article_modified_time":"2014-08-28T17:15:45+00:00","og_image":[{"url":"https:\/\/cremaval.com\/wordpress\/wp-content\/uploads\/2014\/08\/IMG_7517-150x150.jpg"}],"twitter_card":"summary_large_image","twitter_misc":{"Tiempo de lectura":"1 minuto"},"schema":{"@context":"https:\/\/schema.org","@graph":[{"@type":"WebPage","@id":"https:\/\/cremaval.com\/wordpress\/productos\/hilos\/","url":"https:\/\/cremaval.com\/wordpress\/productos\/hilos\/","name":"Hilos - Cremaval","isPartOf":{"@id":"https:\/\/cremaval.com\/wordpress\/#website"},"datePublished":"2013-02-20T18:43:40+00:00","dateModified":"2014-08-28T17:15:45+00:00","breadcrumb":{"@id":"https:\/\/cremaval.com\/wordpress\/productos\/hilos\/#breadcrumb"},"inLanguage":"es","potentialAction":[{"@type":"ReadAction","target":["https:\/\/cremaval.com\/wordpress\/productos\/hilos\/"]}]},{"@type":"BreadcrumbList","@id":"https:\/\/cremaval.com\/wordpress\/productos\/hilos\/#breadcrumb","itemListElement":[{"@type":"ListItem","position":1,"name":"Portada","item":"https:\/\/cremaval.com\/wordpress\/"},{"@type":"ListItem","position":2,"name":"Productos","item":"https:\/\/cremaval.com\/wordpress\/productos\/"},{"@type":"ListItem","position":3,"name":"Hilos"}]},{"@type":"WebSite","@id":"https:\/\/cremaval.com\/wordpress\/#website","url":"https:\/\/cremaval.com\/wordpress\/","name":"Cremaval","description":"Fabrica de Cremalleras Hilos de Coser Cintas de Cierre","publisher":{"@id":"https:\/\/cremaval.com\/wordpress\/#organization"},"potentialAction":[{"@type":"SearchAction","target":{"@type":"EntryPoint","urlTemplate":"https:\/\/cremaval.com\/wordpress\/?s={search_term_string}"},"query-input":"required name=search_term_string"}],"inLanguage":"es"},{"@type":"Organization","@id":"https:\/\/cremaval.com\/wordpress\/#organization","name":"Cremaval","url":"https:\/\/cremaval.com\/wordpress\/","logo":{"@type":"ImageObject","inLanguage":"es","@id":"https:\/\/cremaval.com\/wordpress\/#\/schema\/logo\/image\/","url":"https:\/\/cremaval.com\/wordpress\/wp-content\/uploads\/2022\/10\/crelogos.png","contentUrl":"https:\/\/cremaval.com\/wordpress\/wp-content\/uploads\/2022\/10\/crelogos.png","width":2160,"height":2160,"caption":"Cremaval"},"image":{"@id":"https:\/\/cremaval.com\/wordpress\/#\/schema\/logo\/image\/"},"sameAs":["https:\/\/es-es.facebook.com\/CreativabyCremaval\/","https:\/\/www.instagram.com\/creativabycremaval\/?hl=es"]}]}},"_links":{"self":[{"href":"https:\/\/cremaval.com\/wordpress\/wp-json\/wp\/v2\/pages\/24"}],"collection":[{"href":"https:\/\/cremaval.com\/wordpress\/wp-json\/wp\/v2\/pages"}],"about":[{"href":"https:\/\/cremaval.com\/wordpress\/wp-json\/wp\/v2\/types\/page"}],"author":[{"embeddable":true,"href":"https:\/\/cremaval.com\/wordpress\/wp-json\/wp\/v2\/users\/3"}],"replies":[{"embeddable":true,"href":"https:\/\/cremaval.com\/wordpress\/wp-json\/wp\/v2\/comments?post=24"}],"version-history":[{"count":14,"href":"https:\/\/cremaval.com\/wordpress\/wp-json\/wp\/v2\/pages\/24\/revisions"}],"predecessor-version":[{"id":610,"href":"https:\/\/cremaval.com\/wordpress\/wp-json\/wp\/v2\/pages\/24\/revisions\/610"}],"up":[{"embeddable":true,"href":"https:\/\/cremaval.com\/wordpress\/wp-json\/wp\/v2\/pages\/9"}],"wp:attachment":[{"href":"https:\/\/cremaval.com\/wordpress\/wp-json\/wp\/v2\/media?parent=24"}],"curies":[{"name":"wp","href":"https:\/\/api.w.org\/{rel}","templated":true}]}}