{"id":16,"date":"2013-02-20T19:39:51","date_gmt":"2013-02-20T18:39:51","guid":{"rendered":"http:\/\/www.cremaval.com\/wordpress\/?page_id=16"},"modified":"2022-10-30T20:13:33","modified_gmt":"2022-10-30T19:13:33","slug":"cremalleras","status":"publish","type":"page","link":"https:\/\/cremaval.com\/wordpress\/productos\/cremalleras\/","title":{"rendered":"Cremalleras"},"content":{"rendered":"<h1>CREMALLERAS<\/h1>\n<p>Fabricantes de Cremalleras desde 1972, en vanguardia desde entonces, innovando constantemente en nuevos formatos, materiales y presentaciones, liderando el mercado nacional de cremalleras.<\/p>\n<p>De acuerdo a las necesidades de nuestros clientes, podemos fabricar los distintos tipos de Cremalleras conforme a los siguientes acabados:<\/p>\n<p><strong>&#8211; CREMALLERAS ACABADAS:<\/strong> Cremalleras cortadas a medida con el Cursor montado, finalizada con topes, tanto superirores, como inferiores.<\/p>\n<p><strong>&#8211; CREMALLERAS SEMIACABADAS:<\/strong> Cremalleras cortadas a medida con el Cursor montado, sin terminar.<\/p>\n<p><strong>&#8211; CREMALLERAS CON SEPARADOR:<\/strong> Cremalleras cortadas a medida con el Cursor montado, finalizada con topes superior y caja de apertura o separador, en su parte inferior.<\/p>\n<p>Dependiendo del tipo de material, clasificamos nuestro producto en:<\/p>\n<p><span style=\"color: #000000; font-size: 15px; font-weight: bold; line-height: 21px;\">Cremalleras de Nylon<\/span><\/p>\n<p><span style=\"line-height: 19.600000381469727px;\">Fabricamos nuestras Cremalleras de Nylon, para los m\u00e1s diversos usos, en m\u00faltiples sectores y utilidades, clasific\u00e1ndolas seg\u00fan caracter\u00edsticas, tama\u00f1os y grados de acabado, de la siguiente manera:<\/span><\/p>\n<p><strong>CREMALLERAS DE NYLON DEL N\u00daMERO 3:<\/strong><\/p>\n<ul>\n<li><strong><span style=\"line-height: 19px;\">Cremalleras Invisibles<\/span><\/strong><\/li>\n<li><strong><span style=\"line-height: 19px;\">Cremalleras Acabadas<\/span><\/strong><\/li>\n<li><strong><span style=\"line-height: 19px;\">Cadena Continua de Cremallera<\/span><\/strong><\/li>\n<li><strong style=\"line-height: 19.600000381469727px;\"><span style=\"line-height: 19px;\">Cremalleras Semiacabadas<\/span><\/strong><\/li>\n<li><strong><span style=\"line-height: 19px;\">Cremalleras con Separador<\/span><\/strong><\/li>\n<\/ul>\n<p><strong><span style=\"line-height: 19px;\">CREMALLERAS DE NYLON DEL N\u00daMERO 4:<\/span><\/strong><\/p>\n<ul>\n<li><strong><span style=\"line-height: 19px;\">Cadena Continua de Cremallera<\/span><\/strong><\/li>\n<li><strong>Cremalleras Semiacabadas<\/strong><\/li>\n<\/ul>\n<p><strong>CREMALLERAS DE NYLON DEL N\u00daMERO 5:<\/strong><\/p>\n<ul>\n<li><strong style=\"line-height: 19.600000381469727px;\">Cadena Continua de Cremallera<\/strong><\/li>\n<li><strong style=\"line-height: 19.600000381469727px;\">Cremalleras Invisibles<\/strong><\/li>\n<li><strong>Cremalleras Acabadas<\/strong><\/li>\n<li><strong>Cremalleras Semiacabadas<\/strong><\/li>\n<\/ul>\n<p><strong><\/strong><strong>CREMALLERAS DE NYLON DEL N\u00daMERO 6:<\/strong><\/p>\n<ul>\n<li><span style=\"line-height: 14px;\"><strong><\/strong><strong>Cremalleras Acabadas<\/strong><br \/>\n<\/span><\/li>\n<li><strong>Cremalleras con Separador<\/strong><\/li>\n<\/ul>\n\n\t\t<style type=\"text\/css\">\n\t\t\t#gallery-1 {\n\t\t\t\tmargin: auto;\n\t\t\t}\n\t\t\t#gallery-1 .gallery-item {\n\t\t\t\tfloat: left;\n\t\t\t\tmargin-top: 10px;\n\t\t\t\ttext-align: center;\n\t\t\t\twidth: 20%;\n\t\t\t}\n\t\t\t#gallery-1 img {\n\t\t\t\tborder: 2px solid #cfcfcf;\n\t\t\t}\n\t\t\t#gallery-1 .gallery-caption {\n\t\t\t\tmargin-left: 0;\n\t\t\t}\n\t\t\t\/* see gallery_shortcode() in wp-includes\/media.php *\/\n\t\t<\/style>\n\t\t<div id='gallery-1' class='gallery galleryid-16 gallery-columns-5 gallery-size-thumbnail'><dl class='gallery-item'>\n\t\t\t<dt class='gallery-icon landscape'>\n\t\t\t\t<a href='https:\/\/cremaval.com\/wordpress\/n-3-rtt-auto\/'><img width=\"150\" height=\"150\" src=\"https:\/\/cremaval.com\/wordpress\/wp-content\/uploads\/2014\/08\/N.3-RTT-AUTO-150x150.jpg\" class=\"attachment-thumbnail size-thumbnail\" alt=\"\" decoding=\"async\" aria-describedby=\"gallery-1-592\" loading=\"lazy\" srcset=\"https:\/\/cremaval.com\/wordpress\/wp-content\/uploads\/2014\/08\/N.3-RTT-AUTO-150x150.jpg 150w, https:\/\/cremaval.com\/wordpress\/wp-content\/uploads\/2014\/08\/N.3-RTT-AUTO-300x300.jpg 300w, https:\/\/cremaval.com\/wordpress\/wp-content\/uploads\/2014\/08\/N.3-RTT-AUTO.jpg 600w\" sizes=\"(max-width: 150px) 100vw, 150px\" \/><\/a>\n\t\t\t<\/dt>\n\t\t\t\t<dd class='wp-caption-text gallery-caption' id='gallery-1-592'>\n\t\t\t\tCremalleras Acabadas Nylon N.3 Reforzada\n\t\t\t\t<\/dd><\/dl><dl class='gallery-item'>\n\t\t\t<dt class='gallery-icon landscape'>\n\t\t\t\t<a href='https:\/\/cremaval.com\/wordpress\/img_7475-3\/'><img width=\"150\" height=\"150\" src=\"https:\/\/cremaval.com\/wordpress\/wp-content\/uploads\/2014\/08\/IMG_7475-150x150.jpg\" class=\"attachment-thumbnail size-thumbnail\" alt=\"\" decoding=\"async\" aria-describedby=\"gallery-1-554\" loading=\"lazy\" \/><\/a>\n\t\t\t<\/dt>\n\t\t\t\t<dd class='wp-caption-text gallery-caption' id='gallery-1-554'>\n\t\t\t\tCremalleras Invisibles Nylon N.3\n\t\t\t\t<\/dd><\/dl><dl class='gallery-item'>\n\t\t\t<dt class='gallery-icon landscape'>\n\t\t\t\t<a href='https:\/\/cremaval.com\/wordpress\/img_7457-3\/'><img width=\"150\" height=\"150\" src=\"https:\/\/cremaval.com\/wordpress\/wp-content\/uploads\/2014\/08\/IMG_7457-150x150.jpg\" class=\"attachment-thumbnail size-thumbnail\" alt=\"\" decoding=\"async\" aria-describedby=\"gallery-1-551\" loading=\"lazy\" \/><\/a>\n\t\t\t<\/dt>\n\t\t\t\t<dd class='wp-caption-text gallery-caption' id='gallery-1-551'>\n\t\t\t\tCremallera con Separador Nylon N.6\n\t\t\t\t<\/dd><\/dl><dl class='gallery-item'>\n\t\t\t<dt class='gallery-icon landscape'>\n\t\t\t\t<a href='https:\/\/cremaval.com\/wordpress\/cremallera-nylon-sep-n-6\/'><img width=\"150\" height=\"150\" src=\"https:\/\/cremaval.com\/wordpress\/wp-content\/uploads\/2014\/08\/CREMALLERA-NYLON-SEP.N.6-150x150.jpg\" class=\"attachment-thumbnail size-thumbnail\" alt=\"\" decoding=\"async\" aria-describedby=\"gallery-1-550\" loading=\"lazy\" \/><\/a>\n\t\t\t<\/dt>\n\t\t\t\t<dd class='wp-caption-text gallery-caption' id='gallery-1-550'>\n\t\t\t\tCremallera Nylon N.6 Separador\n\t\t\t\t<\/dd><\/dl><dl class='gallery-item'>\n\t\t\t<dt class='gallery-icon landscape'>\n\t\t\t\t<a href='https:\/\/cremaval.com\/wordpress\/crem-sep-nylon-n-6\/'><img width=\"150\" height=\"150\" src=\"https:\/\/cremaval.com\/wordpress\/wp-content\/uploads\/2014\/08\/CREM.SEP_.NYLON_.N.6-150x150.jpg\" class=\"attachment-thumbnail size-thumbnail\" alt=\"\" decoding=\"async\" aria-describedby=\"gallery-1-548\" loading=\"lazy\" \/><\/a>\n\t\t\t<\/dt>\n\t\t\t\t<dd class='wp-caption-text gallery-caption' id='gallery-1-548'>\n\t\t\t\tCremallera Separador N.6 Nylon\n\t\t\t\t<\/dd><\/dl><br style=\"clear: both\" \/><dl class='gallery-item'>\n\t\t\t<dt class='gallery-icon landscape'>\n\t\t\t\t<a href='https:\/\/cremaval.com\/wordpress\/img_7539\/'><img width=\"150\" height=\"150\" src=\"https:\/\/cremaval.com\/wordpress\/wp-content\/uploads\/2014\/08\/IMG_7539-150x150.jpg\" class=\"attachment-thumbnail size-thumbnail\" alt=\"\" decoding=\"async\" aria-describedby=\"gallery-1-578\" loading=\"lazy\" \/><\/a>\n\t\t\t<\/dt>\n\t\t\t\t<dd class='wp-caption-text gallery-caption' id='gallery-1-578'>\n\t\t\t\tCremallera Continua Nylon N.3 Reforzada\n\t\t\t\t<\/dd><\/dl><dl class='gallery-item'>\n\t\t\t<dt class='gallery-icon landscape'>\n\t\t\t\t<a href='https:\/\/cremaval.com\/wordpress\/img_7534-2\/'><img width=\"150\" height=\"150\" src=\"https:\/\/cremaval.com\/wordpress\/wp-content\/uploads\/2014\/08\/IMG_7534-150x150.jpg\" class=\"attachment-thumbnail size-thumbnail\" alt=\"\" decoding=\"async\" aria-describedby=\"gallery-1-573\" loading=\"lazy\" \/><\/a>\n\t\t\t<\/dt>\n\t\t\t\t<dd class='wp-caption-text gallery-caption' id='gallery-1-573'>\n\t\t\t\tCremallera Continua Nylon N.5\n\t\t\t\t<\/dd><\/dl><dl class='gallery-item'>\n\t\t\t<dt class='gallery-icon landscape'>\n\t\t\t\t<a href='https:\/\/cremaval.com\/wordpress\/img_7543\/'><img width=\"150\" height=\"150\" src=\"https:\/\/cremaval.com\/wordpress\/wp-content\/uploads\/2014\/08\/IMG_7543-150x150.jpg\" class=\"attachment-thumbnail size-thumbnail\" alt=\"\" decoding=\"async\" aria-describedby=\"gallery-1-580\" loading=\"lazy\" \/><\/a>\n\t\t\t<\/dt>\n\t\t\t\t<dd class='wp-caption-text gallery-caption' id='gallery-1-580'>\n\t\t\t\tCremalleras Acabadas Nylon N.3 Reforzada\n\t\t\t\t<\/dd><\/dl>\n\t\t\t<br style='clear: both' \/>\n\t\t<\/div>\n\n<p>&nbsp;<\/p>\n<h1>Cremalleras Inyectadas<\/h1>\n<p>Fabricamos nuestras Cremalleras Inyectadas, para los m\u00e1s diversos usos, en m\u00faltiples sectores y utilidades, clasific\u00e1ndolas seg\u00fan caracter\u00edsticas, tama\u00f1os y grados de acabado, de la siguiente manera:<\/p>\n<address><strong>CREMALLERAS INYECTADAS DEL N\u00daMERO 5:&nbsp;<\/strong><\/address>\n<address>\n<ul>\n<li><strong>Cadena Continua de Cremallera<\/strong><\/li>\n<li><strong>Cremalleras Acabadas<\/strong><\/li>\n<li><strong>Cremalleras Semiacabadas<\/strong><\/li>\n<li><strong>Cremalleras con Separador<\/strong><\/li>\n<li><strong>Cremalleras de Fantas\u00eda con Separador<\/strong><\/li>\n<\/ul>\n<\/address>\n<address><strong>CREMALLERAS INYECTADAS DEL N\u00daMERO 8:<\/strong><\/address>\n<address>\n<ul>\n<li><strong>Cadena Continua de Cremallera<\/strong><\/li>\n<li><strong>Cremalleras Semiacabadas<\/strong><\/li>\n<\/ul>\n<\/address>\n<address><strong>CREMALLERAS INYECTADAS DEL N\u00daMERO 10:&nbsp;<\/strong><\/address>\n<address>\n<ul>\n<li><strong>Cadena Continua de Cremallera<\/strong><\/li>\n<li><strong>Cremalleras Semiacabadas<\/strong><\/li>\n<li><strong><\/strong><strong>Cremalleras con&nbsp;S<\/strong><strong>eparador<\/strong><\/li>\n<li><strong>Cremalleras N\u00e1uticas<\/strong><\/li>\n<\/ul>\n<\/address>\n<address><strong>CREMALLERAS INYECTADAS DEL N\u00daMERO 20:&nbsp;<\/strong><\/address>\n<div>\n<ul>\n<li>\n<address><strong>Cadena Continua de Cremallera<\/strong><\/address>\n<\/li>\n<li><strong>Cremalleras Semiacabadas<\/strong><\/li>\n<\/ul>\n<\/div>\n\n\t\t<style type=\"text\/css\">\n\t\t\t#gallery-2 {\n\t\t\t\tmargin: auto;\n\t\t\t}\n\t\t\t#gallery-2 .gallery-item {\n\t\t\t\tfloat: left;\n\t\t\t\tmargin-top: 10px;\n\t\t\t\ttext-align: center;\n\t\t\t\twidth: 20%;\n\t\t\t}\n\t\t\t#gallery-2 img {\n\t\t\t\tborder: 2px solid #cfcfcf;\n\t\t\t}\n\t\t\t#gallery-2 .gallery-caption {\n\t\t\t\tmargin-left: 0;\n\t\t\t}\n\t\t\t\/* see gallery_shortcode() in wp-includes\/media.php *\/\n\t\t<\/style>\n\t\t<div id='gallery-2' class='gallery galleryid-16 gallery-columns-5 gallery-size-thumbnail'><dl class='gallery-item'>\n\t\t\t<dt class='gallery-icon portrait'>\n\t\t\t\t<a href='https:\/\/cremaval.com\/wordpress\/cremallera-inyectada-n-5-separador\/'><img width=\"150\" height=\"150\" src=\"https:\/\/cremaval.com\/wordpress\/wp-content\/uploads\/2014\/08\/CREMALLERA-INYECTADA-N.5-SEPARADOR-150x150.jpg\" class=\"attachment-thumbnail size-thumbnail\" alt=\"\" decoding=\"async\" aria-describedby=\"gallery-2-538\" loading=\"lazy\" \/><\/a>\n\t\t\t<\/dt>\n\t\t\t\t<dd class='wp-caption-text gallery-caption' id='gallery-2-538'>\n\t\t\t\tCremallera Inyectada N.5 Separador\n\t\t\t\t<\/dd><\/dl><dl class='gallery-item'>\n\t\t\t<dt class='gallery-icon landscape'>\n\t\t\t\t<a href='https:\/\/cremaval.com\/wordpress\/cremallera-inyectada-n-5-separador-doble-cursor-2\/'><img width=\"150\" height=\"150\" src=\"https:\/\/cremaval.com\/wordpress\/wp-content\/uploads\/2014\/08\/CREMALLERA-INYECTADA-N.5-SEPARADOR-DOBLE-CURSOR-150x150.jpg\" class=\"attachment-thumbnail size-thumbnail\" alt=\"\" decoding=\"async\" aria-describedby=\"gallery-2-539\" loading=\"lazy\" srcset=\"https:\/\/cremaval.com\/wordpress\/wp-content\/uploads\/2014\/08\/CREMALLERA-INYECTADA-N.5-SEPARADOR-DOBLE-CURSOR-150x150.jpg 150w, https:\/\/cremaval.com\/wordpress\/wp-content\/uploads\/2014\/08\/CREMALLERA-INYECTADA-N.5-SEPARADOR-DOBLE-CURSOR-300x300.jpg 300w, https:\/\/cremaval.com\/wordpress\/wp-content\/uploads\/2014\/08\/CREMALLERA-INYECTADA-N.5-SEPARADOR-DOBLE-CURSOR.jpg 600w\" sizes=\"(max-width: 150px) 100vw, 150px\" \/><\/a>\n\t\t\t<\/dt>\n\t\t\t\t<dd class='wp-caption-text gallery-caption' id='gallery-2-539'>\n\t\t\t\tCremallera Inyectada N.5 Separador\n\t\t\t\t<\/dd><\/dl>\n\t\t\t<br style='clear: both' \/>\n\t\t<\/div>\n\n<p>&nbsp;<\/p>\n<p>&nbsp;<\/p>\n<h1>Cremalleras Met\u00e1licas<\/h1>\n<p>Fabricamos nuestras Cremalleras Met\u00e1licas, para los m\u00e1s diversos usos, en m\u00faltiples sectores y utilidades, de gran vistosidad y resistencia (tejanos, equitaci\u00f3n, polainas, pirotecnia), clasific\u00e1ndolas seg\u00fan tama\u00f1os, caracter\u00edsticas y modalidades, de la siguiente manera:<\/p>\n<address><strong>CREMALLERAS MET\u00c1LICAS DEL N\u00daMERO 3:&nbsp;<\/strong><\/address>\n<address>\n<ul>\n<li><strong>Cremalleras Acabadas de Aluminio<\/strong><\/li>\n<li><strong>Cremalleras Acabadas de Lat\u00f3n<\/strong><\/li>\n<\/ul>\n<\/address>\n<address><strong>&nbsp;<\/strong><\/address>\n<address><strong>CREMALLERAS MET\u00c1LICAS DEL N\u00daMERO 4:&nbsp;<\/strong><\/address>\n<address>\n<ul>\n<li><strong>Cremalleras Acabadas de Aluminio<\/strong><\/li>\n<li><strong>Cremalleras Acabadas de Lat\u00f3n<\/strong><\/li>\n<\/ul>\n<\/address>\n<address><strong>&nbsp;<\/strong><\/address>\n<div>\n<address><strong>CREMALLERAS MET\u00c1LICAS DEL N\u00daMERO 5:&nbsp;<\/strong><\/address>\n<div>\n<ul>\n<li>\n<address><strong>Cremalleras Acabadas de Aluminio&nbsp;<\/strong><\/address>\n<\/li>\n<li>\n<address><strong>Cremalleras con Separador de Aluminio&nbsp;<\/strong><\/address>\n<\/li>\n<li>\n<address><strong>Cremalleras Acabadas de Lat\u00f3n&nbsp;<\/strong><\/address>\n<\/li>\n<li>\n<address><strong>Cremalleras con Separador de Lat\u00f3n&nbsp;<\/strong><\/address>\n<\/li>\n<li>\n<address><strong>Cremalleras Acabadas de Bronce Envejecido&nbsp;<\/strong><\/address>\n<\/li>\n<li>\n<address><strong>Cremalleras con Separador de Bronce Envejecido<\/strong><\/address>\n<\/li>\n<\/ul>\n\n\t\t<style type=\"text\/css\">\n\t\t\t#gallery-3 {\n\t\t\t\tmargin: auto;\n\t\t\t}\n\t\t\t#gallery-3 .gallery-item {\n\t\t\t\tfloat: left;\n\t\t\t\tmargin-top: 10px;\n\t\t\t\ttext-align: center;\n\t\t\t\twidth: 20%;\n\t\t\t}\n\t\t\t#gallery-3 img {\n\t\t\t\tborder: 2px solid #cfcfcf;\n\t\t\t}\n\t\t\t#gallery-3 .gallery-caption {\n\t\t\t\tmargin-left: 0;\n\t\t\t}\n\t\t\t\/* see gallery_shortcode() in wp-includes\/media.php *\/\n\t\t<\/style>\n\t\t<div id='gallery-3' class='gallery galleryid-16 gallery-columns-5 gallery-size-thumbnail'><dl class='gallery-item'>\n\t\t\t<dt class='gallery-icon landscape'>\n\t\t\t\t<a href='https:\/\/cremaval.com\/wordpress\/crem-acb-laton-n-4\/'><img width=\"150\" height=\"150\" src=\"https:\/\/cremaval.com\/wordpress\/wp-content\/uploads\/2014\/08\/CREM.ACB_.LATON-N.4-150x150.jpg\" class=\"attachment-thumbnail size-thumbnail\" alt=\"\" decoding=\"async\" aria-describedby=\"gallery-3-549\" loading=\"lazy\" \/><\/a>\n\t\t\t<\/dt>\n\t\t\t\t<dd class='wp-caption-text gallery-caption' id='gallery-3-549'>\n\t\t\t\tCremallera Met\u00e1lica Laton N.4 Acabada\n\t\t\t\t<\/dd><\/dl><dl class='gallery-item'>\n\t\t\t<dt class='gallery-icon landscape'>\n\t\t\t\t<a href='https:\/\/cremaval.com\/wordpress\/img_7471-2\/'><img width=\"150\" height=\"150\" src=\"https:\/\/cremaval.com\/wordpress\/wp-content\/uploads\/2014\/08\/IMG_7471-150x150.jpg\" class=\"attachment-thumbnail size-thumbnail\" alt=\"\" decoding=\"async\" aria-describedby=\"gallery-3-553\" loading=\"lazy\" \/><\/a>\n\t\t\t<\/dt>\n\t\t\t\t<dd class='wp-caption-text gallery-caption' id='gallery-3-553'>\n\t\t\t\tCremallera Met\u00e1lica Laton N.4 Acabada\n\t\t\t\t<\/dd><\/dl><dl class='gallery-item'>\n\t\t\t<dt class='gallery-icon landscape'>\n\t\t\t\t<a href='https:\/\/cremaval.com\/wordpress\/img_7531-2\/'><img width=\"150\" height=\"150\" src=\"https:\/\/cremaval.com\/wordpress\/wp-content\/uploads\/2014\/08\/IMG_7531-150x150.jpg\" class=\"attachment-thumbnail size-thumbnail\" alt=\"\" decoding=\"async\" aria-describedby=\"gallery-3-571\" loading=\"lazy\" \/><\/a>\n\t\t\t<\/dt>\n\t\t\t\t<dd class='wp-caption-text gallery-caption' id='gallery-3-571'>\n\t\t\t\tCremallera Met\u00e1lica Aluminio N.5 Acabada\n\t\t\t\t<\/dd><\/dl><dl class='gallery-item'>\n\t\t\t<dt class='gallery-icon landscape'>\n\t\t\t\t<a href='https:\/\/cremaval.com\/wordpress\/img_7528\/'><img width=\"150\" height=\"150\" src=\"https:\/\/cremaval.com\/wordpress\/wp-content\/uploads\/2014\/08\/IMG_7528-150x150.jpg\" class=\"attachment-thumbnail size-thumbnail\" alt=\"\" decoding=\"async\" aria-describedby=\"gallery-3-569\" loading=\"lazy\" \/><\/a>\n\t\t\t<\/dt>\n\t\t\t\t<dd class='wp-caption-text gallery-caption' id='gallery-3-569'>\n\t\t\t\tCremallera Met\u00e1lica Aluminio N.5 Acabada\n\t\t\t\t<\/dd><\/dl><dl class='gallery-item'>\n\t\t\t<dt class='gallery-icon landscape'>\n\t\t\t\t<a href='https:\/\/cremaval.com\/wordpress\/img_7527-2\/'><img width=\"150\" height=\"150\" src=\"https:\/\/cremaval.com\/wordpress\/wp-content\/uploads\/2014\/08\/IMG_7527-150x150.jpg\" class=\"attachment-thumbnail size-thumbnail\" alt=\"\" decoding=\"async\" aria-describedby=\"gallery-3-568\" loading=\"lazy\" \/><\/a>\n\t\t\t<\/dt>\n\t\t\t\t<dd class='wp-caption-text gallery-caption' id='gallery-3-568'>\n\t\t\t\tCremallera Met\u00e1lica Separador N.5 Oro Viejo\n\t\t\t\t<\/dd><\/dl><br style=\"clear: both\" \/><dl class='gallery-item'>\n\t\t\t<dt class='gallery-icon landscape'>\n\t\t\t\t<a href='https:\/\/cremaval.com\/wordpress\/img_7525-2\/'><img width=\"150\" height=\"150\" src=\"https:\/\/cremaval.com\/wordpress\/wp-content\/uploads\/2014\/08\/IMG_7525-150x150.jpg\" class=\"attachment-thumbnail size-thumbnail\" alt=\"\" decoding=\"async\" aria-describedby=\"gallery-3-567\" loading=\"lazy\" \/><\/a>\n\t\t\t<\/dt>\n\t\t\t\t<dd class='wp-caption-text gallery-caption' id='gallery-3-567'>\n\t\t\t\tCremallera Met\u00e1lica Separador N.5 Oro Viejo\n\t\t\t\t<\/dd><\/dl><dl class='gallery-item'>\n\t\t\t<dt class='gallery-icon landscape'>\n\t\t\t\t<a href='https:\/\/cremaval.com\/wordpress\/img_7521-2\/'><img width=\"150\" height=\"150\" src=\"https:\/\/cremaval.com\/wordpress\/wp-content\/uploads\/2014\/08\/IMG_7521-150x150.jpg\" class=\"attachment-thumbnail size-thumbnail\" alt=\"\" decoding=\"async\" aria-describedby=\"gallery-3-566\" loading=\"lazy\" \/><\/a>\n\t\t\t<\/dt>\n\t\t\t\t<dd class='wp-caption-text gallery-caption' id='gallery-3-566'>\n\t\t\t\tCremallera Met\u00e1lica Separador N.5 Aluminio\n\t\t\t\t<\/dd><\/dl>\n\t\t\t<br style='clear: both' \/>\n\t\t<\/div>\n\n<\/div>\n<\/div>\n<p>&nbsp;<\/p>\n","protected":false},"excerpt":{"rendered":"<p>CREMALLERAS Fabricantes de Cremalleras desde 1972, en vanguardia desde entonces, innovando constantemente en nuevos formatos, materiales y presentaciones, liderando el mercado nacional de cremalleras. De acuerdo a las necesidades de nuestros clientes, podemos fabricar los distintos tipos de Cremalleras conforme a los siguientes acabados: &#8211; CREMALLERAS ACABADAS: Cremalleras cortadas a medida con el Cursor montado, [&hellip;]<\/p>\n","protected":false},"author":3,"featured_media":0,"parent":9,"menu_order":0,"comment_status":"open","ping_status":"closed","template":"","meta":{"footnotes":""},"yoast_head":"<!-- This site is optimized with the Yoast SEO plugin v21.0 - https:\/\/yoast.com\/wordpress\/plugins\/seo\/ -->\n<title>Cremalleras - Cremaval<\/title>\n<meta name=\"description\" content=\"F\u00e1brica de Cremalleras, Cremalleras al por mayor\" \/>\n<meta name=\"robots\" content=\"index, follow, max-snippet:-1, max-image-preview:large, max-video-preview:-1\" \/>\n<link rel=\"canonical\" href=\"https:\/\/cremaval.com\/wordpress\/productos\/cremalleras\/\" \/>\n<meta property=\"og:locale\" content=\"es_ES\" \/>\n<meta property=\"og:type\" content=\"article\" \/>\n<meta property=\"og:title\" content=\"Cremalleras - Cremaval\" \/>\n<meta property=\"og:description\" content=\"F\u00e1brica de Cremalleras, Cremalleras al por mayor\" \/>\n<meta property=\"og:url\" content=\"https:\/\/cremaval.com\/wordpress\/productos\/cremalleras\/\" \/>\n<meta property=\"og:site_name\" content=\"Cremaval\" \/>\n<meta property=\"article:publisher\" content=\"https:\/\/es-es.facebook.com\/CreativabyCremaval\/\" \/>\n<meta property=\"article:modified_time\" content=\"2022-10-30T19:13:33+00:00\" \/>\n<meta property=\"og:image\" content=\"https:\/\/cremaval.com\/wordpress\/wp-content\/uploads\/2014\/08\/N.3-RTT-AUTO-150x150.jpg\" \/>\n<meta name=\"twitter:card\" content=\"summary_large_image\" \/>\n<meta name=\"twitter:label1\" content=\"Tiempo de lectura\" \/>\n\t<meta name=\"twitter:data1\" content=\"2 minutos\" \/>\n<script type=\"application\/ld+json\" class=\"yoast-schema-graph\">{\"@context\":\"https:\/\/schema.org\",\"@graph\":[{\"@type\":\"WebPage\",\"@id\":\"https:\/\/cremaval.com\/wordpress\/productos\/cremalleras\/\",\"url\":\"https:\/\/cremaval.com\/wordpress\/productos\/cremalleras\/\",\"name\":\"Cremalleras - Cremaval\",\"isPartOf\":{\"@id\":\"https:\/\/cremaval.com\/wordpress\/#website\"},\"datePublished\":\"2013-02-20T18:39:51+00:00\",\"dateModified\":\"2022-10-30T19:13:33+00:00\",\"description\":\"F\u00e1brica de Cremalleras, Cremalleras al por mayor\",\"breadcrumb\":{\"@id\":\"https:\/\/cremaval.com\/wordpress\/productos\/cremalleras\/#breadcrumb\"},\"inLanguage\":\"es\",\"potentialAction\":[{\"@type\":\"ReadAction\",\"target\":[\"https:\/\/cremaval.com\/wordpress\/productos\/cremalleras\/\"]}]},{\"@type\":\"BreadcrumbList\",\"@id\":\"https:\/\/cremaval.com\/wordpress\/productos\/cremalleras\/#breadcrumb\",\"itemListElement\":[{\"@type\":\"ListItem\",\"position\":1,\"name\":\"Portada\",\"item\":\"https:\/\/cremaval.com\/wordpress\/\"},{\"@type\":\"ListItem\",\"position\":2,\"name\":\"Productos\",\"item\":\"https:\/\/cremaval.com\/wordpress\/productos\/\"},{\"@type\":\"ListItem\",\"position\":3,\"name\":\"Cremalleras\"}]},{\"@type\":\"WebSite\",\"@id\":\"https:\/\/cremaval.com\/wordpress\/#website\",\"url\":\"https:\/\/cremaval.com\/wordpress\/\",\"name\":\"Cremaval\",\"description\":\"Fabrica de Cremalleras Hilos de Coser Cintas de Cierre\",\"publisher\":{\"@id\":\"https:\/\/cremaval.com\/wordpress\/#organization\"},\"potentialAction\":[{\"@type\":\"SearchAction\",\"target\":{\"@type\":\"EntryPoint\",\"urlTemplate\":\"https:\/\/cremaval.com\/wordpress\/?s={search_term_string}\"},\"query-input\":\"required name=search_term_string\"}],\"inLanguage\":\"es\"},{\"@type\":\"Organization\",\"@id\":\"https:\/\/cremaval.com\/wordpress\/#organization\",\"name\":\"Cremaval\",\"url\":\"https:\/\/cremaval.com\/wordpress\/\",\"logo\":{\"@type\":\"ImageObject\",\"inLanguage\":\"es\",\"@id\":\"https:\/\/cremaval.com\/wordpress\/#\/schema\/logo\/image\/\",\"url\":\"https:\/\/cremaval.com\/wordpress\/wp-content\/uploads\/2022\/10\/crelogos.png\",\"contentUrl\":\"https:\/\/cremaval.com\/wordpress\/wp-content\/uploads\/2022\/10\/crelogos.png\",\"width\":2160,\"height\":2160,\"caption\":\"Cremaval\"},\"image\":{\"@id\":\"https:\/\/cremaval.com\/wordpress\/#\/schema\/logo\/image\/\"},\"sameAs\":[\"https:\/\/es-es.facebook.com\/CreativabyCremaval\/\",\"https:\/\/www.instagram.com\/creativabycremaval\/?hl=es\"]}]}<\/script>\n<!-- \/ Yoast SEO plugin. -->","yoast_head_json":{"title":"Cremalleras - Cremaval","description":"F\u00e1brica de Cremalleras, Cremalleras al por mayor","robots":{"index":"index","follow":"follow","max-snippet":"max-snippet:-1","max-image-preview":"max-image-preview:large","max-video-preview":"max-video-preview:-1"},"canonical":"https:\/\/cremaval.com\/wordpress\/productos\/cremalleras\/","og_locale":"es_ES","og_type":"article","og_title":"Cremalleras - Cremaval","og_description":"F\u00e1brica de Cremalleras, Cremalleras al por mayor","og_url":"https:\/\/cremaval.com\/wordpress\/productos\/cremalleras\/","og_site_name":"Cremaval","article_publisher":"https:\/\/es-es.facebook.com\/CreativabyCremaval\/","article_modified_time":"2022-10-30T19:13:33+00:00","og_image":[{"url":"https:\/\/cremaval.com\/wordpress\/wp-content\/uploads\/2014\/08\/N.3-RTT-AUTO-150x150.jpg"}],"twitter_card":"summary_large_image","twitter_misc":{"Tiempo de lectura":"2 minutos"},"schema":{"@context":"https:\/\/schema.org","@graph":[{"@type":"WebPage","@id":"https:\/\/cremaval.com\/wordpress\/productos\/cremalleras\/","url":"https:\/\/cremaval.com\/wordpress\/productos\/cremalleras\/","name":"Cremalleras - Cremaval","isPartOf":{"@id":"https:\/\/cremaval.com\/wordpress\/#website"},"datePublished":"2013-02-20T18:39:51+00:00","dateModified":"2022-10-30T19:13:33+00:00","description":"F\u00e1brica de Cremalleras, Cremalleras al por mayor","breadcrumb":{"@id":"https:\/\/cremaval.com\/wordpress\/productos\/cremalleras\/#breadcrumb"},"inLanguage":"es","potentialAction":[{"@type":"ReadAction","target":["https:\/\/cremaval.com\/wordpress\/productos\/cremalleras\/"]}]},{"@type":"BreadcrumbList","@id":"https:\/\/cremaval.com\/wordpress\/productos\/cremalleras\/#breadcrumb","itemListElement":[{"@type":"ListItem","position":1,"name":"Portada","item":"https:\/\/cremaval.com\/wordpress\/"},{"@type":"ListItem","position":2,"name":"Productos","item":"https:\/\/cremaval.com\/wordpress\/productos\/"},{"@type":"ListItem","position":3,"name":"Cremalleras"}]},{"@type":"WebSite","@id":"https:\/\/cremaval.com\/wordpress\/#website","url":"https:\/\/cremaval.com\/wordpress\/","name":"Cremaval","description":"Fabrica de Cremalleras Hilos de Coser Cintas de Cierre","publisher":{"@id":"https:\/\/cremaval.com\/wordpress\/#organization"},"potentialAction":[{"@type":"SearchAction","target":{"@type":"EntryPoint","urlTemplate":"https:\/\/cremaval.com\/wordpress\/?s={search_term_string}"},"query-input":"required name=search_term_string"}],"inLanguage":"es"},{"@type":"Organization","@id":"https:\/\/cremaval.com\/wordpress\/#organization","name":"Cremaval","url":"https:\/\/cremaval.com\/wordpress\/","logo":{"@type":"ImageObject","inLanguage":"es","@id":"https:\/\/cremaval.com\/wordpress\/#\/schema\/logo\/image\/","url":"https:\/\/cremaval.com\/wordpress\/wp-content\/uploads\/2022\/10\/crelogos.png","contentUrl":"https:\/\/cremaval.com\/wordpress\/wp-content\/uploads\/2022\/10\/crelogos.png","width":2160,"height":2160,"caption":"Cremaval"},"image":{"@id":"https:\/\/cremaval.com\/wordpress\/#\/schema\/logo\/image\/"},"sameAs":["https:\/\/es-es.facebook.com\/CreativabyCremaval\/","https:\/\/www.instagram.com\/creativabycremaval\/?hl=es"]}]}},"_links":{"self":[{"href":"https:\/\/cremaval.com\/wordpress\/wp-json\/wp\/v2\/pages\/16"}],"collection":[{"href":"https:\/\/cremaval.com\/wordpress\/wp-json\/wp\/v2\/pages"}],"about":[{"href":"https:\/\/cremaval.com\/wordpress\/wp-json\/wp\/v2\/types\/page"}],"author":[{"embeddable":true,"href":"https:\/\/cremaval.com\/wordpress\/wp-json\/wp\/v2\/users\/3"}],"replies":[{"embeddable":true,"href":"https:\/\/cremaval.com\/wordpress\/wp-json\/wp\/v2\/comments?post=16"}],"version-history":[{"count":38,"href":"https:\/\/cremaval.com\/wordpress\/wp-json\/wp\/v2\/pages\/16\/revisions"}],"predecessor-version":[{"id":645,"href":"https:\/\/cremaval.com\/wordpress\/wp-json\/wp\/v2\/pages\/16\/revisions\/645"}],"up":[{"embeddable":true,"href":"https:\/\/cremaval.com\/wordpress\/wp-json\/wp\/v2\/pages\/9"}],"wp:attachment":[{"href":"https:\/\/cremaval.com\/wordpress\/wp-json\/wp\/v2\/media?parent=16"}],"curies":[{"name":"wp","href":"https:\/\/api.w.org\/{rel}","templated":true}]}}